{"id":125,"date":"2014-03-20T17:31:10","date_gmt":"2014-03-20T16:31:10","guid":{"rendered":"http:\/\/www.pck-krotoszyn.pl\/?page_id=125"},"modified":"2014-06-04T22:52:24","modified_gmt":"2014-06-04T20:52:24","slug":"oddawanie-krwi","status":"publish","type":"page","link":"http:\/\/www.pck-krotoszyn.pl\/?page_id=125","title":{"rendered":"Kto mo\u017ce odda\u0107 krew"},"content":{"rendered":"<h1 style=\"text-align: center;\"><span style=\"font-size: 20px;\"><b style=\"font-size: 14px; line-height: 1.5em;\">Kto mo\u017ce zosta\u0107 krwiodawc\u0105?<\/b><\/span><\/h1>\n<p style=\"text-align: center;\"><span style=\"color: #ff0000; font-size: 18px;\"><strong>Krew lub osocze mo\u017ce odda\u0107 ka\u017cdy zdrowy cz\u0142owiek w przedziale wieku od 18-65 lat.\u00a0<\/strong><\/span><\/p>\n<p style=\"text-align: center;\"><span style=\"font-size: 16px;\">Starsi ludzie oddaj\u0105 krew wyj\u0105tkowo, po badaniach i kwalifikacji lekarza Punktu Krwiodawstwa. Wszyscy oddaj\u0105cy krew musz\u0105 by\u0107 zdrowi, poniewa\u017c tylko wtedy oddanie krwi nie spowoduje uszczerbku na zdrowiu zar\u00f3wno oddaj\u0105cego jak i przyjmuj\u0105cego. Dlatego te\u017c wszyscy krwiodawcy poddawani s\u0105 badaniom lekarskim i laboratoryjnym, \u017ceby wyeliminowa\u0107 zaka\u017cenia dla biorcy.<\/span><\/p>\n","protected":false},"excerpt":{"rendered":"<p>Kto mo\u017ce zosta\u0107 krwiodawc\u0105? Krew lub osocze mo\u017ce odda\u0107 ka\u017cdy zdrowy cz\u0142owiek w przedziale wieku od 18-65 lat.\u00a0 Starsi ludzie oddaj\u0105 krew wyj\u0105tkowo, po badaniach i kwalifikacji lekarza Punktu Krwiodawstwa. Wszyscy oddaj\u0105cy krew musz\u0105 by\u0107 zdrowi, poniewa\u017c tylko wtedy oddanie krwi nie spowoduje uszczerbku na zdrowiu zar\u00f3wno oddaj\u0105cego jak i przyjmuj\u0105cego. Dlatego te\u017c wszyscy krwiodawcy [&hellip;]<\/p>\n","protected":false},"author":1,"featured_media":0,"parent":0,"menu_order":0,"comment_status":"closed","ping_status":"open","template":"","meta":{"_regular_price":[],"currency_symbol":[],"footnotes":""},"class_list":["post-125","page","type-page","status-publish","hentry"],"post_slider_layout_featured_media_urls":{"thumbnail":"","post_slider_layout_landscape_large":"","post_slider_layout_portrait_large":"","post_slider_layout_square_large":"","post_slider_layout_landscape":"","post_slider_layout_portrait":"","post_slider_layout_square":"","full":""},"_links":{"self":[{"href":"http:\/\/www.pck-krotoszyn.pl\/index.php?rest_route=\/wp\/v2\/pages\/125","targetHints":{"allow":["GET"]}}],"collection":[{"href":"http:\/\/www.pck-krotoszyn.pl\/index.php?rest_route=\/wp\/v2\/pages"}],"about":[{"href":"http:\/\/www.pck-krotoszyn.pl\/index.php?rest_route=\/wp\/v2\/types\/page"}],"author":[{"embeddable":true,"href":"http:\/\/www.pck-krotoszyn.pl\/index.php?rest_route=\/wp\/v2\/users\/1"}],"replies":[{"embeddable":true,"href":"http:\/\/www.pck-krotoszyn.pl\/index.php?rest_route=%2Fwp%2Fv2%2Fcomments&post=125"}],"version-history":[{"count":0,"href":"http:\/\/www.pck-krotoszyn.pl\/index.php?rest_route=\/wp\/v2\/pages\/125\/revisions"}],"wp:attachment":[{"href":"http:\/\/www.pck-krotoszyn.pl\/index.php?rest_route=%2Fwp%2Fv2%2Fmedia&parent=125"}],"curies":[{"name":"wp","href":"https:\/\/api.w.org\/{rel}","templated":true}]}}