{"id":63,"date":"2014-03-18T21:50:21","date_gmt":"2014-03-18T20:50:21","guid":{"rendered":"http:\/\/www.pck-krotoszyn.pl\/?page_id=63"},"modified":"2014-06-04T22:55:23","modified_gmt":"2014-06-04T20:55:23","slug":"jeden-podatku","status":"publish","type":"page","link":"http:\/\/www.pck-krotoszyn.pl\/?page_id=63","title":{"rendered":"JEDEN % PODATKU"},"content":{"rendered":"<h1 style=\"text-align: center;\"><b>Jak mo\u017cesz pom\u00f3c?<\/b><\/h1>\n<p>&nbsp;<\/p>\n<p style=\"text-align: center;\">\n<p style=\"text-align: center;\"><a href=\"http:\/\/www.pck-krotoszyn.pl\/wp-content\/uploads\/LOGO\/1proc.jpg\" rel=\"lightbox[63]\"><img loading=\"lazy\" decoding=\"async\" class=\" wp-image-67 aligncenter\" src=\"http:\/\/www.pck-krotoszyn.pl\/wp-content\/uploads\/LOGO\/1proc.jpg\" alt=\"1%\" width=\"200\" height=\"53\" \/><\/a><\/p>\n<p><b>Polski Czerwony Krzy\u017c jest organizacj\u0105 po\u017cytku publicznego, uprawnion\u0105 do pozyskiwania 1% podatku dochodowego od os\u00f3b fizycznych.\u00a0<\/b><b>\u00a0Przekazanie 1% nie wymaga wielkiego wysi\u0142ku, a mo\u017ce by\u0107 du\u017cym wk\u0142adem finansowym w pomoc, jak\u0105 oferujemy naszym podopiecznym. Gwarantujemy, \u017ce ca\u0142y doch\u00f3d przeznaczymy na szlachetne cele okre\u015blone w\u00a0naszym statucie.<\/b><b><\/b><\/p>\n<p><b>\u00a0<\/b><\/p>\n<p align=\"center\"><span style=\"color: #ff0000;\"><strong>Jak przekaza\u0107 1% podatku Polskiemu Czerwonemu Krzy\u017cowi?<\/strong><\/span><b><\/b><b><\/b><\/p>\n<ul>\n<li><b>W odpowiedniej rubryce zeznania podatkowego (PIT-28, PIT-36, PIT- 36L, PIT-37 lub PIT \u2013 38) wpisujemy nazw\u0119\u00a0 oraz numer pod jakim widnieje organizacja w Krajowym Rejestrze S\u0105dowym:<\/b><b><\/b><\/li>\n<\/ul>\n<p align=\"center\"><b>Polski Czerwony Krzy\u017c<\/b><b>\u00a0<\/b><b>z dopiskiem<\/b><b>\u00a0Oddzia\u0142 Rejonowy w Krotoszynie<\/b><b><\/b><\/p>\n<p align=\"center\"><b>Numer w Krajowym Rejestrze S\u0105dowym:\u00a0<\/b><b>\u00a0<\/b><span style=\"color: #ff0000;\"><b>0000225587<\/b><b>.<\/b><\/span><b><\/b><\/p>\n<p align=\"center\">\n<p align=\"center\"><b>Nast\u0119pnie wpisujemy kwot\u0119, kt\u00f3r\u0105 chcemy przekaza\u0107 na rzecz PCK. Kwota nie mo\u017ce przekracza\u0107 1% podatku nale\u017cnego, wynikaj\u0105cego z zeznania podatkowego, po zaokr\u0105gleniu do pe\u0142nych dziesi\u0105tek groszy w d\u00f3\u0142.<\/b><\/p>\n<p align=\"center\">\n<p align=\"center\"><b>Podatnik mo\u017ce tak\u017ce zamie\u015bci\u0107 dodatkowe informacje, dotycz\u0105ce jego preferencji co do rozdysponowania \u015brodk\u00f3w z 1% przez organizacj\u0119 po\u017cytku publicznego.<\/b><b><\/b><\/p>\n<p><b>\u00a0<\/b><b><\/b><\/p>\n<p align=\"center\"><b><i>\u00a0\u00a0<\/i><\/b><b>Tylko od Pa\u0144stwa zale\u017cy, czy 1 % z i tak nale\u017cnego fiskusowi podatku,<\/b><b><\/b><\/p>\n<p align=\"center\"><b>zostanie wydany na szlachetny cel.<\/b><b><\/b><\/p>\n<p align=\"center\"><span style=\"color: #ff0000;\"><b>Warto nam zaufa\u0107.<\/b><\/span><\/p>\n<h2 align=\"center\"><\/h2>\n<h2 align=\"center\"><span style=\"color: #00ff00;\"><em><span style=\"color: #ff0000;\">B\u0105d\u017a z nami &#8211; MY pomagamy ju\u017c 90 lat. TY te\u017c mo\u017cesz!<br \/>\nPrzeka\u017c sw\u00f3j 1% podatku potrzebuj\u0105cym.<br \/>\nPom\u00f3\u017c nam pomaga\u0107!<\/span><b><\/b><\/em><\/span><\/h2>\n<p align=\"center\"><span style=\"color: #00ff00;\"><em><b>\u00a0<\/b><\/em><\/span><\/p>\n","protected":false},"excerpt":{"rendered":"<p>Jak mo\u017cesz pom\u00f3c? &nbsp; Polski Czerwony Krzy\u017c jest organizacj\u0105 po\u017cytku publicznego, uprawnion\u0105 do pozyskiwania 1% podatku dochodowego od os\u00f3b fizycznych.\u00a0\u00a0Przekazanie 1% nie wymaga wielkiego wysi\u0142ku, a mo\u017ce by\u0107 du\u017cym wk\u0142adem finansowym w pomoc, jak\u0105 oferujemy naszym podopiecznym. Gwarantujemy, \u017ce ca\u0142y doch\u00f3d przeznaczymy na szlachetne cele okre\u015blone w\u00a0naszym statucie. \u00a0 Jak przekaza\u0107 1% podatku Polskiemu Czerwonemu [&hellip;]<\/p>\n","protected":false},"author":1,"featured_media":0,"parent":0,"menu_order":0,"comment_status":"closed","ping_status":"open","template":"","meta":{"_regular_price":[],"currency_symbol":[],"footnotes":""},"class_list":["post-63","page","type-page","status-publish","hentry"],"post_slider_layout_featured_media_urls":{"thumbnail":"","post_slider_layout_landscape_large":"","post_slider_layout_portrait_large":"","post_slider_layout_square_large":"","post_slider_layout_landscape":"","post_slider_layout_portrait":"","post_slider_layout_square":"","full":""},"_links":{"self":[{"href":"http:\/\/www.pck-krotoszyn.pl\/index.php?rest_route=\/wp\/v2\/pages\/63","targetHints":{"allow":["GET"]}}],"collection":[{"href":"http:\/\/www.pck-krotoszyn.pl\/index.php?rest_route=\/wp\/v2\/pages"}],"about":[{"href":"http:\/\/www.pck-krotoszyn.pl\/index.php?rest_route=\/wp\/v2\/types\/page"}],"author":[{"embeddable":true,"href":"http:\/\/www.pck-krotoszyn.pl\/index.php?rest_route=\/wp\/v2\/users\/1"}],"replies":[{"embeddable":true,"href":"http:\/\/www.pck-krotoszyn.pl\/index.php?rest_route=%2Fwp%2Fv2%2Fcomments&post=63"}],"version-history":[{"count":0,"href":"http:\/\/www.pck-krotoszyn.pl\/index.php?rest_route=\/wp\/v2\/pages\/63\/revisions"}],"wp:attachment":[{"href":"http:\/\/www.pck-krotoszyn.pl\/index.php?rest_route=%2Fwp%2Fv2%2Fmedia&parent=63"}],"curies":[{"name":"wp","href":"https:\/\/api.w.org\/{rel}","templated":true}]}}